{"id":16884,"date":"2022-01-20T15:43:37","date_gmt":"2022-01-20T14:43:37","guid":{"rendered":"https:\/\/www.mnc.ch\/impressum\/"},"modified":"2026-02-09T13:26:10","modified_gmt":"2026-02-09T12:26:10","slug":"mentions-legales","status":"publish","type":"page","link":"https:\/\/www.mnc.ch\/fr\/mentions-legales\/","title":{"rendered":"Mentions l\u00e9gales"},"content":{"rendered":"\t\t<div data-elementor-type=\"wp-page\" data-elementor-id=\"16884\" class=\"elementor elementor-16884 elementor-14122\" data-elementor-post-type=\"page\">\n\t\t\t\t\t\t<section class=\"elementor-section elementor-top-section elementor-element elementor-element-63d5330 elementor-section-boxed elementor-section-height-default elementor-section-height-default\" data-id=\"63d5330\" data-element_type=\"section\" data-e-type=\"section\">\n\t\t\t\t\t\t<div class=\"elementor-container elementor-column-gap-default\">\n\t\t\t\t\t<div class=\"elementor-column elementor-col-100 elementor-top-column elementor-element elementor-element-f31ce73\" data-id=\"f31ce73\" data-element_type=\"column\" data-e-type=\"column\">\n\t\t\t<div class=\"elementor-widget-wrap elementor-element-populated\">\n\t\t\t\t\t\t<div class=\"elementor-element elementor-element-d1012a7 elementor-widget elementor-widget-pix-sliding-text\" data-id=\"d1012a7\" data-element_type=\"widget\" data-e-type=\"widget\" data-widget_type=\"pix-sliding-text.default\">\n\t\t\t\t<div class=\"elementor-widget-container\">\n\t\t\t\t\t<div id=\"sliding-text-156745168\" class=\"mb-3 text-center \"><h2 class=\"mb-32 pix-sliding-headline font-weight-bold secondary-font\" data-class=\"secondary-font text-heading-default\" data-style=\"\">Impression<\/h2><\/div>\t\t\t\t<\/div>\n\t\t\t\t<\/div>\n\t\t\t\t<div class=\"elementor-element elementor-element-1941428 elementor-widget-divider--view-line elementor-widget elementor-widget-divider\" data-id=\"1941428\" data-element_type=\"widget\" data-e-type=\"widget\" data-widget_type=\"divider.default\">\n\t\t\t\t<div class=\"elementor-widget-container\">\n\t\t\t\t\t\t\t<div class=\"elementor-divider\">\n\t\t\t<span class=\"elementor-divider-separator\">\n\t\t\t\t\t\t<\/span>\n\t\t<\/div>\n\t\t\t\t\t\t<\/div>\n\t\t\t\t<\/div>\n\t\t\t\t\t<\/div>\n\t\t<\/div>\n\t\t\t\t\t<\/div>\n\t\t<\/section>\n\t\t\t\t<section class=\"elementor-section elementor-top-section elementor-element elementor-element-4602bc64 elementor-section-boxed elementor-section-height-default elementor-section-height-default\" data-id=\"4602bc64\" data-element_type=\"section\" data-e-type=\"section\">\n\t\t\t\t\t\t<div class=\"elementor-container elementor-column-gap-default\">\n\t\t\t\t\t<div class=\"elementor-column elementor-col-100 elementor-top-column elementor-element elementor-element-50cddfaf\" data-id=\"50cddfaf\" data-element_type=\"column\" data-e-type=\"column\">\n\t\t\t<div class=\"elementor-widget-wrap elementor-element-populated\">\n\t\t\t\t\t\t<div class=\"elementor-element elementor-element-5c7a007a elementor-shape-circle elementor-grid-1 elementor-grid-mobile-1 e-grid-align-right e-grid-align-mobile-right elementor-fixed elementor-hidden-tablet elementor-hidden-mobile elementor-widget elementor-widget-social-icons\" data-id=\"5c7a007a\" data-element_type=\"widget\" data-e-type=\"widget\" data-settings=\"{&quot;_position&quot;:&quot;fixed&quot;}\" data-widget_type=\"social-icons.default\">\n\t\t\t\t<div class=\"elementor-widget-container\">\n\t\t\t\t\t\t\t<div class=\"elementor-social-icons-wrapper elementor-grid\" role=\"list\">\n\t\t\t\t\t\t\t<span class=\"elementor-grid-item\" role=\"listitem\">\n\t\t\t\t\t<a class=\"elementor-icon elementor-social-icon elementor-social-icon-phone-alt elementor-repeater-item-7609514\" href=\"#section_contact\" target=\"_blank\">\n\t\t\t\t\t\t<span class=\"elementor-screen-only\">Phone-alt<\/span>\n\t\t\t\t\t\t<i aria-hidden=\"true\" class=\"fas fa-phone-alt\"><\/i>\t\t\t\t\t<\/a>\n\t\t\t\t<\/span>\n\t\t\t\t\t\t\t<span class=\"elementor-grid-item\" role=\"listitem\">\n\t\t\t\t\t<a class=\"elementor-icon elementor-social-icon elementor-social-icon-envelope elementor-repeater-item-6a1347b\" href=\"mailto:info@mnc.ch\" target=\"_blank\">\n\t\t\t\t\t\t<span class=\"elementor-screen-only\">Envelope<\/span>\n\t\t\t\t\t\t<i aria-hidden=\"true\" class=\"far fa-envelope\"><\/i>\t\t\t\t\t<\/a>\n\t\t\t\t<\/span>\n\t\t\t\t\t\t\t<span class=\"elementor-grid-item\" role=\"listitem\">\n\t\t\t\t\t<a class=\"elementor-icon elementor-social-icon elementor-social-icon-map-marker-alt elementor-repeater-item-9e50190\" href=\"https:\/\/www.google.com\/maps\/place\/MNC+Mobile+News+Channel+Sa\/@46.5170663,6.6357268,17z\/data=!3m1!4b1!4m5!3m4!1s0x478c2e34b27aaa79:0x27027ec523f46332!8m2!3d46.5170663!4d6.6357268\" target=\"_blank\">\n\t\t\t\t\t\t<span class=\"elementor-screen-only\">Map-marker-alt<\/span>\n\t\t\t\t\t\t<i aria-hidden=\"true\" class=\"fas fa-map-marker-alt\"><\/i>\t\t\t\t\t<\/a>\n\t\t\t\t<\/span>\n\t\t\t\t\t<\/div>\n\t\t\t\t\t\t<\/div>\n\t\t\t\t<\/div>\n\t\t\t\t\t<\/div>\n\t\t<\/div>\n\t\t\t\t\t<\/div>\n\t\t<\/section>\n\t\t\t\t<section class=\"elementor-section elementor-top-section elementor-element elementor-element-6275cdba elementor-section-boxed elementor-section-height-default elementor-section-height-default\" data-id=\"6275cdba\" data-element_type=\"section\" data-e-type=\"section\" data-settings=\"{&quot;background_background&quot;:&quot;classic&quot;}\">\n\t\t\t\t\t\t\t<div class=\"elementor-background-overlay\"><\/div>\n\t\t\t\t\t\t\t<div class=\"elementor-container elementor-column-gap-default\">\n\t\t\t\t\t<div class=\"elementor-column elementor-col-100 elementor-top-column elementor-element elementor-element-268336a1\" data-id=\"268336a1\" data-element_type=\"column\" data-e-type=\"column\">\n\t\t\t<div class=\"elementor-widget-wrap elementor-element-populated\">\n\t\t\t\t\t\t<div class=\"elementor-element elementor-element-11ec3cd7 elementor-widget elementor-widget-text-editor\" data-id=\"11ec3cd7\" data-element_type=\"widget\" data-e-type=\"widget\" data-widget_type=\"text-editor.default\">\n\t\t\t\t<div class=\"elementor-widget-container\">\n\t\t\t\t\t\t\t\t\t<p><strong>Responsable du contenu :<\/strong><br \/>MNC Mobile News Channel AG<br \/>Av. de la Gare 10<br \/>CH-1003 Lausanne<\/p><p>T\u00e9l : +41 21 317 50 20<br \/>Courriel : info@mnc.ch<br \/>Internet : www.mnc.ch<br \/>UID : CHE-102.321.467<\/p><p><strong>Avis de responsabilit\u00e9 :<\/strong><\/p><p>Malgr\u00e9 un contr\u00f4le minutieux du contenu, nous n&rsquo;assumons aucune responsabilit\u00e9 quant au contenu des liens externes. Les op\u00e9rateurs des pages li\u00e9es sont seuls responsables de leur contenu.<\/p><p>Continuer vers la <a href=\"https:\/\/www.mnc.ch\/fr\/confidentialite-des-donnees\">politique de confidentialit\u00e9<\/a>.<\/p>\t\t\t\t\t\t\t\t<\/div>\n\t\t\t\t<\/div>\n\t\t\t\t<div class=\"elementor-element elementor-element-06ce0c0 elementor-widget elementor-widget-text-editor\" data-id=\"06ce0c0\" data-element_type=\"widget\" data-e-type=\"widget\" data-widget_type=\"text-editor.default\">\n\t\t\t\t<div class=\"elementor-widget-container\">\n\t\t\t\t\t\t\t\t\t<p>Copyright \u00a9 2026 MNC Mobile News Channel SA. Tous droits r\u00e9serv\u00e9s.<\/p>\t\t\t\t\t\t\t\t<\/div>\n\t\t\t\t<\/div>\n\t\t\t\t\t<\/div>\n\t\t<\/div>\n\t\t\t\t\t<\/div>\n\t\t<\/section>\n\t\t\t\t<\/div>\n\t\t","protected":false},"excerpt":{"rendered":"<p>Impression Phone-alt Envelope Map-marker-alt Responsable du contenu :MNC Mobile News Channel AGAv. de la Gare 10CH-1003 Lausanne T\u00e9l : +41 21 317 50 20Courriel : info@mnc.chInternet : www.mnc.chUID : CHE-102.321.467 Avis de responsabilit\u00e9 : Malgr\u00e9 un contr\u00f4le minutieux du contenu,&#8230;<\/p>\n","protected":false},"author":1,"featured_media":0,"parent":0,"menu_order":0,"comment_status":"closed","ping_status":"closed","template":"","meta":{"content-type":"","footnotes":""},"class_list":["post-16884","page","type-page","status-publish","hentry"],"yoast_head":"<!-- This site is optimized with the Yoast SEO plugin v27.4 - https:\/\/yoast.com\/product\/yoast-seo-wordpress\/ -->\n<title>Mentions l\u00e9gales - MNC Mobile News Channel AG<\/title>\n<meta name=\"robots\" content=\"noindex, nofollow\" \/>\n<meta property=\"og:locale\" content=\"fr_FR\" \/>\n<meta property=\"og:type\" content=\"article\" \/>\n<meta property=\"og:title\" content=\"Mentions l\u00e9gales - MNC Mobile News Channel AG\" \/>\n<meta property=\"og:description\" content=\"Impression Phone-alt Envelope Map-marker-alt Responsable du contenu :MNC Mobile News Channel AGAv. de la Gare 10CH-1003 Lausanne T\u00e9l : +41 21 317 50 20Courriel : info@mnc.chInternet : www.mnc.chUID : CHE-102.321.467 Avis de responsabilit\u00e9 : Malgr\u00e9 un contr\u00f4le minutieux du contenu,...\" \/>\n<meta property=\"og:url\" content=\"https:\/\/www.mnc.ch\/fr\/mentions-legales\/\" \/>\n<meta property=\"og:site_name\" content=\"MNC Mobile News Channel AG\" \/>\n<meta property=\"article:modified_time\" content=\"2026-02-09T12:26:10+00:00\" \/>\n<meta name=\"twitter:card\" content=\"summary_large_image\" \/>\n<meta name=\"twitter:label1\" content=\"Dur\u00e9e de lecture estim\u00e9e\" \/>\n\t<meta name=\"twitter:data1\" content=\"1 minute\" \/>\n<script type=\"application\/ld+json\" class=\"yoast-schema-graph\">{\"@context\":\"https:\\\/\\\/schema.org\",\"@graph\":[{\"@type\":\"WebPage\",\"@id\":\"https:\\\/\\\/www.mnc.ch\\\/fr\\\/mentions-legales\\\/\",\"url\":\"https:\\\/\\\/www.mnc.ch\\\/fr\\\/mentions-legales\\\/\",\"name\":\"Mentions l\u00e9gales - MNC Mobile News Channel AG\",\"isPartOf\":{\"@id\":\"https:\\\/\\\/www.mnc.ch\\\/fr\\\/#website\"},\"datePublished\":\"2022-01-20T14:43:37+00:00\",\"dateModified\":\"2026-02-09T12:26:10+00:00\",\"breadcrumb\":{\"@id\":\"https:\\\/\\\/www.mnc.ch\\\/fr\\\/mentions-legales\\\/#breadcrumb\"},\"inLanguage\":\"fr-FR\",\"potentialAction\":[{\"@type\":\"ReadAction\",\"target\":[\"https:\\\/\\\/www.mnc.ch\\\/fr\\\/mentions-legales\\\/\"]}]},{\"@type\":\"BreadcrumbList\",\"@id\":\"https:\\\/\\\/www.mnc.ch\\\/fr\\\/mentions-legales\\\/#breadcrumb\",\"itemListElement\":[{\"@type\":\"ListItem\",\"position\":1,\"name\":\"Accueil\",\"item\":\"https:\\\/\\\/www.mnc.ch\\\/fr\\\/\"},{\"@type\":\"ListItem\",\"position\":2,\"name\":\"Mentions l\u00e9gales\"}]},{\"@type\":\"WebSite\",\"@id\":\"https:\\\/\\\/www.mnc.ch\\\/fr\\\/#website\",\"url\":\"https:\\\/\\\/www.mnc.ch\\\/fr\\\/\",\"name\":\"MNC Mobile News Channel AG\",\"description\":\"Die Spezialisten f\u00fcr App-Entwicklung und digitale Transformation\",\"publisher\":{\"@id\":\"https:\\\/\\\/www.mnc.ch\\\/fr\\\/#organization\"},\"potentialAction\":[{\"@type\":\"SearchAction\",\"target\":{\"@type\":\"EntryPoint\",\"urlTemplate\":\"https:\\\/\\\/www.mnc.ch\\\/fr\\\/?s={search_term_string}\"},\"query-input\":{\"@type\":\"PropertyValueSpecification\",\"valueRequired\":true,\"valueName\":\"search_term_string\"}}],\"inLanguage\":\"fr-FR\"},{\"@type\":\"Organization\",\"@id\":\"https:\\\/\\\/www.mnc.ch\\\/fr\\\/#organization\",\"name\":\"MNC Mobile News Channel AG\",\"url\":\"https:\\\/\\\/www.mnc.ch\\\/fr\\\/\",\"logo\":{\"@type\":\"ImageObject\",\"inLanguage\":\"fr-FR\",\"@id\":\"https:\\\/\\\/www.mnc.ch\\\/fr\\\/#\\\/schema\\\/logo\\\/image\\\/\",\"url\":\"https:\\\/\\\/www.mnc.ch\\\/wp-content\\\/uploads\\\/2021\\\/11\\\/logo_mnc_colors_reduced-3.png\",\"contentUrl\":\"https:\\\/\\\/www.mnc.ch\\\/wp-content\\\/uploads\\\/2021\\\/11\\\/logo_mnc_colors_reduced-3.png\",\"width\":200,\"height\":86,\"caption\":\"MNC Mobile News Channel AG\"},\"image\":{\"@id\":\"https:\\\/\\\/www.mnc.ch\\\/fr\\\/#\\\/schema\\\/logo\\\/image\\\/\"},\"sameAs\":[\"https:\\\/\\\/www.linkedin.com\\\/company\\\/mnc-the-mobile-services-factory\"]}]}<\/script>\n<!-- \/ Yoast SEO plugin. -->","yoast_head_json":{"title":"Mentions l\u00e9gales - MNC Mobile News Channel AG","robots":{"index":"noindex","follow":"nofollow"},"og_locale":"fr_FR","og_type":"article","og_title":"Mentions l\u00e9gales - MNC Mobile News Channel AG","og_description":"Impression Phone-alt Envelope Map-marker-alt Responsable du contenu :MNC Mobile News Channel AGAv. de la Gare 10CH-1003 Lausanne T\u00e9l : +41 21 317 50 20Courriel : info@mnc.chInternet : www.mnc.chUID : CHE-102.321.467 Avis de responsabilit\u00e9 : Malgr\u00e9 un contr\u00f4le minutieux du contenu,...","og_url":"https:\/\/www.mnc.ch\/fr\/mentions-legales\/","og_site_name":"MNC Mobile News Channel AG","article_modified_time":"2026-02-09T12:26:10+00:00","twitter_card":"summary_large_image","twitter_misc":{"Dur\u00e9e de lecture estim\u00e9e":"1 minute"},"schema":{"@context":"https:\/\/schema.org","@graph":[{"@type":"WebPage","@id":"https:\/\/www.mnc.ch\/fr\/mentions-legales\/","url":"https:\/\/www.mnc.ch\/fr\/mentions-legales\/","name":"Mentions l\u00e9gales - MNC Mobile News Channel AG","isPartOf":{"@id":"https:\/\/www.mnc.ch\/fr\/#website"},"datePublished":"2022-01-20T14:43:37+00:00","dateModified":"2026-02-09T12:26:10+00:00","breadcrumb":{"@id":"https:\/\/www.mnc.ch\/fr\/mentions-legales\/#breadcrumb"},"inLanguage":"fr-FR","potentialAction":[{"@type":"ReadAction","target":["https:\/\/www.mnc.ch\/fr\/mentions-legales\/"]}]},{"@type":"BreadcrumbList","@id":"https:\/\/www.mnc.ch\/fr\/mentions-legales\/#breadcrumb","itemListElement":[{"@type":"ListItem","position":1,"name":"Accueil","item":"https:\/\/www.mnc.ch\/fr\/"},{"@type":"ListItem","position":2,"name":"Mentions l\u00e9gales"}]},{"@type":"WebSite","@id":"https:\/\/www.mnc.ch\/fr\/#website","url":"https:\/\/www.mnc.ch\/fr\/","name":"MNC Mobile News Channel AG","description":"Die Spezialisten f\u00fcr App-Entwicklung und digitale Transformation","publisher":{"@id":"https:\/\/www.mnc.ch\/fr\/#organization"},"potentialAction":[{"@type":"SearchAction","target":{"@type":"EntryPoint","urlTemplate":"https:\/\/www.mnc.ch\/fr\/?s={search_term_string}"},"query-input":{"@type":"PropertyValueSpecification","valueRequired":true,"valueName":"search_term_string"}}],"inLanguage":"fr-FR"},{"@type":"Organization","@id":"https:\/\/www.mnc.ch\/fr\/#organization","name":"MNC Mobile News Channel AG","url":"https:\/\/www.mnc.ch\/fr\/","logo":{"@type":"ImageObject","inLanguage":"fr-FR","@id":"https:\/\/www.mnc.ch\/fr\/#\/schema\/logo\/image\/","url":"https:\/\/www.mnc.ch\/wp-content\/uploads\/2021\/11\/logo_mnc_colors_reduced-3.png","contentUrl":"https:\/\/www.mnc.ch\/wp-content\/uploads\/2021\/11\/logo_mnc_colors_reduced-3.png","width":200,"height":86,"caption":"MNC Mobile News Channel AG"},"image":{"@id":"https:\/\/www.mnc.ch\/fr\/#\/schema\/logo\/image\/"},"sameAs":["https:\/\/www.linkedin.com\/company\/mnc-the-mobile-services-factory"]}]}},"_links":{"self":[{"href":"https:\/\/www.mnc.ch\/fr\/wp-json\/wp\/v2\/pages\/16884","targetHints":{"allow":["GET"]}}],"collection":[{"href":"https:\/\/www.mnc.ch\/fr\/wp-json\/wp\/v2\/pages"}],"about":[{"href":"https:\/\/www.mnc.ch\/fr\/wp-json\/wp\/v2\/types\/page"}],"author":[{"embeddable":true,"href":"https:\/\/www.mnc.ch\/fr\/wp-json\/wp\/v2\/users\/1"}],"replies":[{"embeddable":true,"href":"https:\/\/www.mnc.ch\/fr\/wp-json\/wp\/v2\/comments?post=16884"}],"version-history":[{"count":27,"href":"https:\/\/www.mnc.ch\/fr\/wp-json\/wp\/v2\/pages\/16884\/revisions"}],"predecessor-version":[{"id":20293,"href":"https:\/\/www.mnc.ch\/fr\/wp-json\/wp\/v2\/pages\/16884\/revisions\/20293"}],"wp:attachment":[{"href":"https:\/\/www.mnc.ch\/fr\/wp-json\/wp\/v2\/media?parent=16884"}],"curies":[{"name":"wp","href":"https:\/\/api.w.org\/{rel}","templated":true}]}}